{"id":872,"date":"2021-01-20T18:29:26","date_gmt":"2021-01-20T17:29:26","guid":{"rendered":"https:\/\/domainedebeaudon.fr\/?page_id=872"},"modified":"2021-01-20T18:29:26","modified_gmt":"2021-01-20T17:29:26","slug":"office-du-tourisme-du-grand-pithiverais","status":"publish","type":"page","link":"https:\/\/domainedebeaudon.fr\/?page_id=872","title":{"rendered":"Office de Tourisme du Grand Pithiverais"},"content":{"rendered":"\n<p>N&#8217;h\u00e9sitez pas \u00e0 vous rendre sur le site internet de l&#8217;Office de Tourisme du Grand Pithiverais. Vous y trouverez des cartes, itin\u00e9raires de randonn\u00e9e, brochures touristiques et agenda des animations de la r\u00e9gion.<\/p>\n\n\n\n<p><a rel=\"noreferrer noopener\" href=\"https:\/\/www.grandpithiverais.fr\/\" target=\"_blank\">https:\/\/www.grandpithiverais.fr\/<\/a><\/p>\n\n\n\n<p><\/p>\n\n\n\n<h2 class=\"wp-block-heading\"><strong>BUREAU DE PITHIVIERS<\/strong><\/h2>\n\n\n\n<p>1 Mail Ouest45300 PITHIVIERST\u00e9l. : 02 38 30 50 02<\/p>\n\n\n\n<h5 class=\"wp-block-heading\"><strong>Horaires d\u2019ouverture<\/strong><\/h5>\n\n\n\n<ul class=\"wp-block-list\"><li>Toute l\u2019ann\u00e9e :<br>Du mardi au samedi de 09h30 \u00e0 12h30 et de 13h30 \u00e0 17h30<\/li><\/ul>\n\n\n\n<h2 class=\"wp-block-heading\"><strong>BUREAU DU MALESHERBOIS<\/strong><\/h2>\n\n\n\n<p>70 Av. du G\u00e9n\u00e9ral Patton45300 MALESHERBES \u2013 LE MALESHERBOIST\u00e9l. :\u00a0\u00a007 84 26 42 23<\/p>\n\n\n\n<h5 class=\"wp-block-heading\"><strong>Horaires d\u2019ouverture<\/strong><\/h5>\n\n\n\n<ul class=\"wp-block-list\"><li>Toute l\u2019ann\u00e9e :<br>Mardi, Jeudi et Samedi de 14h00 \u00e0 17h00<\/li><\/ul>\n\n\n\n<p><\/p>\n","protected":false},"excerpt":{"rendered":"<p>N&#8217;h\u00e9sitez pas \u00e0 vous rendre sur le site internet de l&#8217;Office de Tourisme du Grand Pithiverais. Vous y trouverez des cartes, itin\u00e9raires de randonn\u00e9e, brochures touristiques et agenda des animations de la r\u00e9gion. https:\/\/www.grandpithiverais.fr\/ BUREAU DE PITHIVIERS 1 Mail Ouest45300 PITHIVIERST\u00e9l. : 02 38 30 50 02 Horaires d\u2019ouverture Toute l\u2019ann\u00e9e :Du mardi au samedi &hellip; <a href=\"https:\/\/domainedebeaudon.fr\/?page_id=872\" class=\"more-link\">Continue reading<span class=\"screen-reader-text\"> &#8220;Office de Tourisme du Grand Pithiverais&#8221;<\/span><\/a><\/p>\n","protected":false},"author":1,"featured_media":0,"parent":0,"menu_order":0,"comment_status":"closed","ping_status":"closed","template":"","meta":{"om_disable_all_campaigns":false,"_monsterinsights_skip_tracking":false,"_monsterinsights_sitenote_active":false,"_monsterinsights_sitenote_note":"","_monsterinsights_sitenote_category":0,"footnotes":""},"class_list":["post-872","page","type-page","status-publish","hentry"],"aioseo_notices":[],"_links":{"self":[{"href":"https:\/\/domainedebeaudon.fr\/index.php?rest_route=\/wp\/v2\/pages\/872","targetHints":{"allow":["GET"]}}],"collection":[{"href":"https:\/\/domainedebeaudon.fr\/index.php?rest_route=\/wp\/v2\/pages"}],"about":[{"href":"https:\/\/domainedebeaudon.fr\/index.php?rest_route=\/wp\/v2\/types\/page"}],"author":[{"embeddable":true,"href":"https:\/\/domainedebeaudon.fr\/index.php?rest_route=\/wp\/v2\/users\/1"}],"replies":[{"embeddable":true,"href":"https:\/\/domainedebeaudon.fr\/index.php?rest_route=%2Fwp%2Fv2%2Fcomments&post=872"}],"version-history":[{"count":0,"href":"https:\/\/domainedebeaudon.fr\/index.php?rest_route=\/wp\/v2\/pages\/872\/revisions"}],"wp:attachment":[{"href":"https:\/\/domainedebeaudon.fr\/index.php?rest_route=%2Fwp%2Fv2%2Fmedia&parent=872"}],"curies":[{"name":"wp","href":"https:\/\/api.w.org\/{rel}","templated":true}]}}